{"id":329,"date":"2023-10-10T08:45:05","date_gmt":"2023-10-10T08:45:05","guid":{"rendered":"https:\/\/medstuhle.com\/?post_type=product&#038;p=329"},"modified":"2024-03-13T08:33:13","modified_gmt":"2024-03-13T08:33:13","slug":"scaun-tronus-c-300","status":"publish","type":"product","link":"https:\/\/medstuhle.com\/en\/produs\/scaun-tronus-c-300\/","title":{"rendered":"Scaun Tronus C-300"},"content":{"rendered":"","protected":false},"excerpt":{"rendered":"<p>Scaun chirurgical cu o construc\u021bie solid\u0103, un scaun confortabil cu un dispozitiv de rulare \u0219i blocare.<\/p>\n<ul>\n<li><strong>Sp\u0103tarul <\/strong><br \/>\nReglarea sus\/jos, \u00eenainte\/ \u00een urm\u0103. Are un sp\u0103tar lombar cu picior de comand\u0103 pneumatic\u0103 (posibilitate de umflare) cu un sprijin confortabil pentru spate.<\/li>\n<li><strong>Scaunul<\/strong><br \/>\nReglarea \u00eenclin\u0103rii fa\u021b\u0103 de podea are un sistem de alunecare \u00eenainte\/\u00eenapoi<\/li>\n<li><strong>Cotierele<br \/>\n<\/strong>Semi \u2013 circulare, se regleaz\u0103 \u00een toate modurile<br \/>\nAu un sistem de aplecare \u00eenainte\/\u00eenapoi, posibilitatea de a aluneca \u00eenapoi \u00een spatele sp\u0103tarului<br \/>\n\u00cen\u0103l\u021bimea aplec\u0103rii (de la scaun) 200-300 mm<br \/>\nUnghiul aplec\u0103rii a cotierului +47\u00b0\/-57\u00b0<br \/>\nReglarea cotierelor \u00een lungime 160 mm<\/li>\n<\/ul>\n<ul>\n<li>Reglare electric\u0103 pe \u00een\u0103l\u021bime cu picior.<\/li>\n<li>Fr\u00e2n\u0103 de picior central\u0103.<\/li>\n<li>Ro\u021bile se mi\u0219c\u0103 lin \u0219i pot fi blocate.<\/li>\n<li>\u00cenc\u0103rc\u0103tor inclus.<\/li>\n<\/ul>\n","protected":false},"featured_media":330,"comment_status":"closed","ping_status":"closed","template":"","meta":[],"product_cat":[18],"product_tag":[],"class_list":["post-329","product","type-product","status-publish","has-post-thumbnail","hentry","product_cat-scaun-microscopist","mtheme-hover-thumbnail"],"_links":{"self":[{"href":"https:\/\/medstuhle.com\/en\/wp-json\/wp\/v2\/product\/329","targetHints":{"allow":["GET"]}}],"collection":[{"href":"https:\/\/medstuhle.com\/en\/wp-json\/wp\/v2\/product"}],"about":[{"href":"https:\/\/medstuhle.com\/en\/wp-json\/wp\/v2\/types\/product"}],"replies":[{"embeddable":true,"href":"https:\/\/medstuhle.com\/en\/wp-json\/wp\/v2\/comments?post=329"}],"wp:featuredmedia":[{"embeddable":true,"href":"https:\/\/medstuhle.com\/en\/wp-json\/wp\/v2\/media\/330"}],"wp:attachment":[{"href":"https:\/\/medstuhle.com\/en\/wp-json\/wp\/v2\/media?parent=329"}],"wp:term":[{"taxonomy":"product_cat","embeddable":true,"href":"https:\/\/medstuhle.com\/en\/wp-json\/wp\/v2\/product_cat?post=329"},{"taxonomy":"product_tag","embeddable":true,"href":"https:\/\/medstuhle.com\/en\/wp-json\/wp\/v2\/product_tag?post=329"}],"curies":[{"name":"wp","href":"https:\/\/api.w.org\/{rel}","templated":true}]}}