{"id":39,"date":"2023-09-01T09:03:19","date_gmt":"2023-09-01T09:03:19","guid":{"rendered":"https:\/\/medstuhle.com\/?post_type=product&#038;p=39"},"modified":"2024-03-13T08:33:23","modified_gmt":"2024-03-13T08:33:23","slug":"scaun-prestige-plus","status":"publish","type":"product","link":"https:\/\/medstuhle.com\/en\/produs\/scaun-prestige-plus\/","title":{"rendered":"Scaun Prestige Plus"},"content":{"rendered":"","protected":false},"excerpt":{"rendered":"<p><strong>Nivelul ridicat de confort al scaunului este indispensabil \u00een<\/strong><\/p>\n<ul>\n<li><strong>SP\u0102TARUL<\/strong>:<br \/>\nReglare \u00eenainte\/\u00eenapoi cu suport lombar, precum \u0219i reglare \u00een\u0103l\u021bime sus\/jos<\/li>\n<\/ul>\n<ul>\n<li><strong>Scaun<\/strong><br \/>\nReglarea \u00eenclin\u0103rii \u00eenainte\/\u00eenapoi \u00een raport cu podeaua<\/li>\n<li><strong>MECANISMUL COTIERELOR:<br \/>\n<\/strong>Are sistem de \u00eenclinare \u00eenainte\/\u00eenapoi<br \/>\nArticula\u021bia sferic\u0103 le permite s\u0103 se deplaseze \u00een toate direc\u021biile (sus\/jos, \u00een cerc, \u00een lateral)<br \/>\nCotierele sunt deta\u0219abile, multifunc\u021bionale cu suport ranforsat din o\u021bel inoxidabil<br \/>\n\u00cen\u0103l\u021bimea cotierelor poate fi reglat\u0103 cu o singur\u0103 m\u00e2n\u0103<br \/>\nSe pot instala cotiere semi-circulare<\/li>\n<li><strong>\u00ceN\u0102L\u021aIMEA SCAUNULUI:<br \/>\n<\/strong>Reglabil prin comutator cu picior<\/li>\n<\/ul>\n","protected":false},"featured_media":278,"comment_status":"closed","ping_status":"closed","template":"","meta":[],"product_cat":[18],"product_tag":[],"class_list":["post-39","product","type-product","status-publish","has-post-thumbnail","hentry","product_cat-scaun-microscopist","mtheme-hover-thumbnail"],"_links":{"self":[{"href":"https:\/\/medstuhle.com\/en\/wp-json\/wp\/v2\/product\/39","targetHints":{"allow":["GET"]}}],"collection":[{"href":"https:\/\/medstuhle.com\/en\/wp-json\/wp\/v2\/product"}],"about":[{"href":"https:\/\/medstuhle.com\/en\/wp-json\/wp\/v2\/types\/product"}],"replies":[{"embeddable":true,"href":"https:\/\/medstuhle.com\/en\/wp-json\/wp\/v2\/comments?post=39"}],"wp:featuredmedia":[{"embeddable":true,"href":"https:\/\/medstuhle.com\/en\/wp-json\/wp\/v2\/media\/278"}],"wp:attachment":[{"href":"https:\/\/medstuhle.com\/en\/wp-json\/wp\/v2\/media?parent=39"}],"wp:term":[{"taxonomy":"product_cat","embeddable":true,"href":"https:\/\/medstuhle.com\/en\/wp-json\/wp\/v2\/product_cat?post=39"},{"taxonomy":"product_tag","embeddable":true,"href":"https:\/\/medstuhle.com\/en\/wp-json\/wp\/v2\/product_tag?post=39"}],"curies":[{"name":"wp","href":"https:\/\/api.w.org\/{rel}","templated":true}]}}