{"id":480,"date":"2023-10-11T20:25:58","date_gmt":"2023-10-11T20:25:58","guid":{"rendered":"https:\/\/medstuhle.com\/?post_type=product&#038;p=480"},"modified":"2024-03-13T08:31:47","modified_gmt":"2024-03-13T08:31:47","slug":"scaun-elite-export","status":"publish","type":"product","link":"https:\/\/medstuhle.com\/en\/produs\/scaun-elite-export\/","title":{"rendered":"Scaun Elite export"},"content":{"rendered":"","protected":false},"excerpt":{"rendered":"<p>Designul scaunului v\u0103 permite s\u0103 lucra\u021bi la concentrare maxim\u0103 f\u0103r\u0103 semne de<\/p>\n<ul>\n<li><strong>Sp\u0103tar:<br \/>\n<\/strong>reglare \u00eenainte\/\u00eenapoi cu suport lombar, precum \u0219i reglare \u00een\u0103l\u021bime sus\/jos<\/li>\n<li><strong>SCAUN-\u0218A:<br \/>\n<\/strong>reglarea scaunului prin conectarea\/extinderea jum\u0103t\u0103\u021bilor de scaun<br \/>\nreglarea \u00eenclin\u0103rii \u00eenainte\/\u00eenapoi fa\u021b\u0103 de podea<\/li>\n<li><strong>MECANISM DE COTIERE DE BRAT:<br \/>\n<\/strong>Are sistem de alunecare \u00eenainte\/\u00eenapoi<br \/>\nArticula\u021bia sferic\u0103 le permite s\u0103 fie deplasate \u00een toate direc\u021biile(sus\/jos, \u00een cerc, \u00een lateral)<br \/>\nCotiere multifunc\u021bionale cu suport ranforsat din o\u021bel inoxidabil<br \/>\n\u00cen\u0103l\u021bimea cotierelor poate fi reglat\u0103 cu dou\u0103 m\u00e2ini<\/li>\n<li><strong>\u00cen\u0103l\u021bimea scaunului este reglabil\u0103:<\/strong><br \/>\ncomutator manual<br \/>\ncomutator cu picior (op\u021bional)<\/li>\n<li><strong>SUPORT RO\u021aI:<br \/>\n<\/strong>antistatic, silen\u021bios c\u00e2nd ruleaz\u0103 lin<\/li>\n<\/ul>\n","protected":false},"featured_media":496,"comment_status":"closed","ping_status":"closed","template":"","meta":[],"product_cat":[18],"product_tag":[],"class_list":["post-480","product","type-product","status-publish","has-post-thumbnail","hentry","product_cat-scaun-microscopist","mtheme-hover-thumbnail"],"_links":{"self":[{"href":"https:\/\/medstuhle.com\/en\/wp-json\/wp\/v2\/product\/480","targetHints":{"allow":["GET"]}}],"collection":[{"href":"https:\/\/medstuhle.com\/en\/wp-json\/wp\/v2\/product"}],"about":[{"href":"https:\/\/medstuhle.com\/en\/wp-json\/wp\/v2\/types\/product"}],"replies":[{"embeddable":true,"href":"https:\/\/medstuhle.com\/en\/wp-json\/wp\/v2\/comments?post=480"}],"wp:featuredmedia":[{"embeddable":true,"href":"https:\/\/medstuhle.com\/en\/wp-json\/wp\/v2\/media\/496"}],"wp:attachment":[{"href":"https:\/\/medstuhle.com\/en\/wp-json\/wp\/v2\/media?parent=480"}],"wp:term":[{"taxonomy":"product_cat","embeddable":true,"href":"https:\/\/medstuhle.com\/en\/wp-json\/wp\/v2\/product_cat?post=480"},{"taxonomy":"product_tag","embeddable":true,"href":"https:\/\/medstuhle.com\/en\/wp-json\/wp\/v2\/product_tag?post=480"}],"curies":[{"name":"wp","href":"https:\/\/api.w.org\/{rel}","templated":true}]}}