{"id":534,"date":"2023-10-11T20:57:45","date_gmt":"2023-10-11T20:57:45","guid":{"rendered":"https:\/\/medstuhle.com\/?post_type=product&#038;p=534"},"modified":"2024-03-13T08:31:18","modified_gmt":"2024-03-13T08:31:18","slug":"scaunul-medicului-cu-sprijin-abdominal","status":"publish","type":"product","link":"https:\/\/medstuhle.com\/en\/produs\/scaunul-medicului-cu-sprijin-abdominal\/","title":{"rendered":"Scaunul medicului cu sprijin abdominal"},"content":{"rendered":"","protected":false},"excerpt":{"rendered":"<p>Suportul abdominal \u00ee\u021bi permite sa faci performan\u021b\u0103 cel mai bun sprijin al medicului pentru regiunea lombar\u0103<\/p>\n<ul>\n<li><strong>SCAUN:<br \/>\n<\/strong>reglare \u00een\u0103l\u021bime sus\/jos<br \/>\nreglarea \u00eenclin\u0103rii \u00eenainte \u0219i \u00eenapoi<\/li>\n<li><strong>SUPORT ABDOMINAL:<br \/>\n<\/strong>Ajustare la 360\u00b0<\/li>\n<li><strong>\u00cen\u0103l\u021bimea scaunului este reglabil\u0103:<br \/>\n<\/strong>comutator manual<br \/>\ncomutator cu picior(op\u021biune suplimentar\u0103)<\/li>\n<li><strong>SUPPORT RO\u021aI:<br \/>\n<\/strong>antistatic, silen\u021bios<br \/>\nruleaz\u0103 lin<\/li>\n<\/ul>\n<p>&nbsp;<\/p>\n","protected":false},"featured_media":541,"comment_status":"closed","ping_status":"closed","template":"","meta":[],"product_cat":[18],"product_tag":[],"class_list":["post-534","product","type-product","status-publish","has-post-thumbnail","hentry","product_cat-scaun-microscopist","mtheme-hover-thumbnail"],"_links":{"self":[{"href":"https:\/\/medstuhle.com\/en\/wp-json\/wp\/v2\/product\/534","targetHints":{"allow":["GET"]}}],"collection":[{"href":"https:\/\/medstuhle.com\/en\/wp-json\/wp\/v2\/product"}],"about":[{"href":"https:\/\/medstuhle.com\/en\/wp-json\/wp\/v2\/types\/product"}],"replies":[{"embeddable":true,"href":"https:\/\/medstuhle.com\/en\/wp-json\/wp\/v2\/comments?post=534"}],"wp:featuredmedia":[{"embeddable":true,"href":"https:\/\/medstuhle.com\/en\/wp-json\/wp\/v2\/media\/541"}],"wp:attachment":[{"href":"https:\/\/medstuhle.com\/en\/wp-json\/wp\/v2\/media?parent=534"}],"wp:term":[{"taxonomy":"product_cat","embeddable":true,"href":"https:\/\/medstuhle.com\/en\/wp-json\/wp\/v2\/product_cat?post=534"},{"taxonomy":"product_tag","embeddable":true,"href":"https:\/\/medstuhle.com\/en\/wp-json\/wp\/v2\/product_tag?post=534"}],"curies":[{"name":"wp","href":"https:\/\/api.w.org\/{rel}","templated":true}]}}