{"id":557,"date":"2023-10-12T06:54:26","date_gmt":"2023-10-12T06:54:26","guid":{"rendered":"https:\/\/medstuhle.com\/?post_type=product&#038;p=557"},"modified":"2024-03-13T08:30:54","modified_gmt":"2024-03-13T08:30:54","slug":"scaunul-asistentului-cu-sprijin-abdominal","status":"publish","type":"product","link":"https:\/\/medstuhle.com\/en\/produs\/scaunul-asistentului-cu-sprijin-abdominal\/","title":{"rendered":"Scaunul asistentului cu sprijin abdominal"},"content":{"rendered":"","protected":false},"excerpt":{"rendered":"<p>Scaunul ajut\u0103 la men\u021binerea corect\u0103 de postur\u0103\u00a0 pe tot corpul pentru a reduce oboseala \u00een timpul \u0219edin\u021bei.<\/p>\n<ul>\n<li><strong>SCAUN:<br \/>\n<\/strong>reglare \u00een\u0103l\u021bime sus\/jos<br \/>\nreglarea \u00eenclin\u0103rii \u00eenainte \u0219i \u00eenapoi<\/li>\n<li><strong>SUPORT ABDOMINAL:<br \/>\n<\/strong>Ajustare la 360\u00b0 cu suport pentru spate \u0219i cot<\/li>\n<li><strong>\u00cen\u0103l\u021bimea scaunului este reglabil\u0103:<br \/>\n<\/strong>comutator manual<br \/>\ncomutator cu picior(op\u021biune suplimentar\u0103)<\/li>\n<li><strong>SUPPORT RO\u021aI:<br \/>\n<\/strong>antistatic, silen\u021bios<br \/>\nruleaz\u0103 lin<\/li>\n<\/ul>\n<p>&nbsp;<\/p>\n","protected":false},"featured_media":576,"comment_status":"closed","ping_status":"closed","template":"","meta":[],"product_cat":[18],"product_tag":[],"class_list":["post-557","product","type-product","status-publish","has-post-thumbnail","hentry","product_cat-scaun-microscopist","mtheme-hover-thumbnail"],"_links":{"self":[{"href":"https:\/\/medstuhle.com\/en\/wp-json\/wp\/v2\/product\/557","targetHints":{"allow":["GET"]}}],"collection":[{"href":"https:\/\/medstuhle.com\/en\/wp-json\/wp\/v2\/product"}],"about":[{"href":"https:\/\/medstuhle.com\/en\/wp-json\/wp\/v2\/types\/product"}],"replies":[{"embeddable":true,"href":"https:\/\/medstuhle.com\/en\/wp-json\/wp\/v2\/comments?post=557"}],"wp:featuredmedia":[{"embeddable":true,"href":"https:\/\/medstuhle.com\/en\/wp-json\/wp\/v2\/media\/576"}],"wp:attachment":[{"href":"https:\/\/medstuhle.com\/en\/wp-json\/wp\/v2\/media?parent=557"}],"wp:term":[{"taxonomy":"product_cat","embeddable":true,"href":"https:\/\/medstuhle.com\/en\/wp-json\/wp\/v2\/product_cat?post=557"},{"taxonomy":"product_tag","embeddable":true,"href":"https:\/\/medstuhle.com\/en\/wp-json\/wp\/v2\/product_tag?post=557"}],"curies":[{"name":"wp","href":"https:\/\/api.w.org\/{rel}","templated":true}]}}