{"id":636,"date":"2023-10-12T07:26:53","date_gmt":"2023-10-12T07:26:53","guid":{"rendered":"https:\/\/medstuhle.com\/?post_type=product&#038;p=636"},"modified":"2024-03-13T08:29:53","modified_gmt":"2024-03-13T08:29:53","slug":"scaun-balance-plus","status":"publish","type":"product","link":"https:\/\/medstuhle.com\/en\/produs\/scaun-balance-plus\/","title":{"rendered":"Scaun Balance plus"},"content":{"rendered":"","protected":false},"excerpt":{"rendered":"<p>Nivelul ridicat de confort al scaunului nu poate \u00eenlocui munca unui medic. Scaunul din dou\u0103 piese \u00een form\u0103 de \u0219a va corecta \u0219i men\u021bine pozi\u021bia corect\u0103.<\/p>\n<ul>\n<li><strong>Scaun \u0219a<br \/>\n<\/strong>Reglarea scaunului utiliz\u00e2nd racordul de extensie a jum\u0103t\u0103\u021bilor de scaun<br \/>\nReglarea \u00eenclin\u0103rii fa\u021b\u0103 de podea \u00eenainte \u00eenapoi<\/li>\n<\/ul>\n<ul>\n<li><strong>SUPORT ABDOMINAL:<br \/>\n<\/strong>Ajustare la 360\u00b0 cu suport pentru spate \u0219i cot<\/li>\n<li><strong>\u00cen\u0103l\u021bimea scaunului este reglabil\u0103:<br \/>\n<\/strong>comutator manual<br \/>\ncomutator cu picior(op\u021biune suplimentar\u0103)<\/li>\n<li><strong>SUPPORT RO\u021aI:<br \/>\n<\/strong>antistatic, silen\u021bios<br \/>\nruleaz\u0103 lin<\/li>\n<\/ul>\n<p>&nbsp;<\/p>\n","protected":false},"featured_media":646,"comment_status":"closed","ping_status":"closed","template":"","meta":[],"product_cat":[18],"product_tag":[],"class_list":["post-636","product","type-product","status-publish","has-post-thumbnail","hentry","product_cat-scaun-microscopist","mtheme-hover-thumbnail"],"_links":{"self":[{"href":"https:\/\/medstuhle.com\/en\/wp-json\/wp\/v2\/product\/636","targetHints":{"allow":["GET"]}}],"collection":[{"href":"https:\/\/medstuhle.com\/en\/wp-json\/wp\/v2\/product"}],"about":[{"href":"https:\/\/medstuhle.com\/en\/wp-json\/wp\/v2\/types\/product"}],"replies":[{"embeddable":true,"href":"https:\/\/medstuhle.com\/en\/wp-json\/wp\/v2\/comments?post=636"}],"wp:featuredmedia":[{"embeddable":true,"href":"https:\/\/medstuhle.com\/en\/wp-json\/wp\/v2\/media\/646"}],"wp:attachment":[{"href":"https:\/\/medstuhle.com\/en\/wp-json\/wp\/v2\/media?parent=636"}],"wp:term":[{"taxonomy":"product_cat","embeddable":true,"href":"https:\/\/medstuhle.com\/en\/wp-json\/wp\/v2\/product_cat?post=636"},{"taxonomy":"product_tag","embeddable":true,"href":"https:\/\/medstuhle.com\/en\/wp-json\/wp\/v2\/product_tag?post=636"}],"curies":[{"name":"wp","href":"https:\/\/api.w.org\/{rel}","templated":true}]}}