{"id":368,"date":"2023-10-10T09:37:51","date_gmt":"2023-10-10T09:37:51","guid":{"rendered":"https:\/\/medstuhle.com\/?post_type=product&#038;p=368"},"modified":"2024-03-13T08:32:45","modified_gmt":"2024-03-13T08:32:45","slug":"scaun-tronus-c-100","status":"publish","type":"product","link":"https:\/\/medstuhle.com\/ru\/produs\/scaun-tronus-c-100\/","title":{"rendered":"Scaun Tronus C-100"},"content":{"rendered":"","protected":false},"excerpt":{"rendered":"<p>Scaunul a fost creat pentru utilizare profesional\u0103 \u00een chirurgie. Avantajele unice vor fi apreciate \u00een primul r\u00e2nd de medicii care lucreaz\u0103 cu un microscop.<\/p>\n<ul>\n<li><strong>ACOPERIRE METALIC\u0102:<br \/>\n<\/strong>\u00eenveli\u0219 medical durabil<\/li>\n<li><strong>Sp\u0103tarul<\/strong><br \/>\nReglarea \u00eenclin\u0103rii sp\u0103tarului pentru o pozi\u021bie de \u0219ezut mai confortabil\u0103 pentru medic<\/li>\n<li><strong>Scaun<\/strong><br \/>\nSe regleaz\u0103 \u00eenclinarea<\/li>\n<li><strong>COTIERE MULTIFUNC\u021aIONALE:<br \/>\n<\/strong>Cotier semi \u2013 circular<br \/>\nau un sistem de alunecare \u00eenainte\/\u00eenapoi<br \/>\nse deplaseaz\u0103 \u00een jurul unei axe, sus\/jos, lateral<br \/>\nposibilitatea de circula\u021bie liber\u0103 a cotierelor\u00cen\u0103l\u021bimea aplec\u0103rii (de la scaun) 190 &#8212; 310 mm<br \/>\nUnghiul aplec\u0103rii a cotierului +47\u00b0\/-57\u00b0<br \/>\nReglarea cotierelor \u00een lungime 145 mm<br \/>\nPosibilitatea de instalare a liftingului inferior<\/li>\n<\/ul>\n","protected":false},"featured_media":369,"comment_status":"closed","ping_status":"closed","template":"","meta":[],"product_cat":[18],"product_tag":[],"class_list":["post-368","product","type-product","status-publish","has-post-thumbnail","hentry","product_cat-scaun-microscopist","mtheme-hover-thumbnail"],"_links":{"self":[{"href":"https:\/\/medstuhle.com\/ru\/wp-json\/wp\/v2\/product\/368","targetHints":{"allow":["GET"]}}],"collection":[{"href":"https:\/\/medstuhle.com\/ru\/wp-json\/wp\/v2\/product"}],"about":[{"href":"https:\/\/medstuhle.com\/ru\/wp-json\/wp\/v2\/types\/product"}],"replies":[{"embeddable":true,"href":"https:\/\/medstuhle.com\/ru\/wp-json\/wp\/v2\/comments?post=368"}],"wp:featuredmedia":[{"embeddable":true,"href":"https:\/\/medstuhle.com\/ru\/wp-json\/wp\/v2\/media\/369"}],"wp:attachment":[{"href":"https:\/\/medstuhle.com\/ru\/wp-json\/wp\/v2\/media?parent=368"}],"wp:term":[{"taxonomy":"product_cat","embeddable":true,"href":"https:\/\/medstuhle.com\/ru\/wp-json\/wp\/v2\/product_cat?post=368"},{"taxonomy":"product_tag","embeddable":true,"href":"https:\/\/medstuhle.com\/ru\/wp-json\/wp\/v2\/product_tag?post=368"}],"curies":[{"name":"wp","href":"https:\/\/api.w.org\/{rel}","templated":true}]}}