{"id":381,"date":"2023-10-10T09:45:59","date_gmt":"2023-10-10T09:45:59","guid":{"rendered":"https:\/\/medstuhle.com\/?post_type=product&#038;p=381"},"modified":"2024-03-13T08:32:36","modified_gmt":"2024-03-13T08:32:36","slug":"scaun-prestige","status":"publish","type":"product","link":"https:\/\/medstuhle.com\/ru\/produs\/scaun-prestige\/","title":{"rendered":"Scaun Prestige"},"content":{"rendered":"","protected":false},"excerpt":{"rendered":"<p>Nivelul ridicat de confort al scaunului este indispensabil \u00een<\/p>\n<ul>\n<li><strong>SP\u0102TAR:<\/strong><br \/>\nreglare \u00eenainte\/\u00eenapoi cu suport lombar, precum \u0219i reglare \u00een\u0103l\u021bime sus\/jos<\/li>\n<li><strong>SCAUN:<\/strong><br \/>\nreglarea \u00eenclin\u0103rii \u00eenainte\/\u00eenapoi fa\u021b\u0103 de podea<\/li>\n<li><strong>MECANISMUL COTIERELOR:<br \/>\n<\/strong>are sistem de \u00eenclinare \u00eenainte\/\u00eenapoi<br \/>\narticula\u021bia sferic\u0103 le permite s\u0103 fie deplasate \u00een toate direc\u021biile (sus\/jos, \u00een cerc, \u00een lateral)<br \/>\ncotiere multifunc\u021bionale cu suport ranforsat din o\u021bel inoxidabil<br \/>\n\u00cen\u0103l\u021bimea cotierelor poate fi reglat\u0103 cu dou\u0103 m\u00e2ini<\/li>\n<li><strong>\u00cen\u0103l\u021bimea scaunului este reglabil\u0103:<br \/>\n<\/strong>comutator manual<br \/>\ncomutator cu picior (op\u021bional)<\/li>\n<li><strong>SUPORT RO\u021aI:<\/strong><br \/>\nantistatic, silen\u021bios c\u00e2nd ruleaz\u0103 lin<\/li>\n<\/ul>\n<p><strong>SERVICIUL DE INSTALARE A LIFTATORULUI DE BAZ\u0102 ESTE OFERIT<\/strong><\/p>\n","protected":false},"featured_media":394,"comment_status":"closed","ping_status":"closed","template":"","meta":[],"product_cat":[18],"product_tag":[],"class_list":["post-381","product","type-product","status-publish","has-post-thumbnail","hentry","product_cat-scaun-microscopist","mtheme-hover-thumbnail"],"_links":{"self":[{"href":"https:\/\/medstuhle.com\/ru\/wp-json\/wp\/v2\/product\/381","targetHints":{"allow":["GET"]}}],"collection":[{"href":"https:\/\/medstuhle.com\/ru\/wp-json\/wp\/v2\/product"}],"about":[{"href":"https:\/\/medstuhle.com\/ru\/wp-json\/wp\/v2\/types\/product"}],"replies":[{"embeddable":true,"href":"https:\/\/medstuhle.com\/ru\/wp-json\/wp\/v2\/comments?post=381"}],"wp:featuredmedia":[{"embeddable":true,"href":"https:\/\/medstuhle.com\/ru\/wp-json\/wp\/v2\/media\/394"}],"wp:attachment":[{"href":"https:\/\/medstuhle.com\/ru\/wp-json\/wp\/v2\/media?parent=381"}],"wp:term":[{"taxonomy":"product_cat","embeddable":true,"href":"https:\/\/medstuhle.com\/ru\/wp-json\/wp\/v2\/product_cat?post=381"},{"taxonomy":"product_tag","embeddable":true,"href":"https:\/\/medstuhle.com\/ru\/wp-json\/wp\/v2\/product_tag?post=381"}],"curies":[{"name":"wp","href":"https:\/\/api.w.org\/{rel}","templated":true}]}}