{"id":413,"date":"2023-10-10T10:09:57","date_gmt":"2023-10-10T10:09:57","guid":{"rendered":"https:\/\/medstuhle.com\/?post_type=product&#038;p=413"},"modified":"2024-03-13T08:32:18","modified_gmt":"2024-03-13T08:32:18","slug":"scaun-prestige-light","status":"publish","type":"product","link":"https:\/\/medstuhle.com\/ru\/produs\/scaun-prestige-light\/","title":{"rendered":"Scaun Prestige Light"},"content":{"rendered":"","protected":false},"excerpt":{"rendered":"<p>Scaunul Prestige Light este conceput pentru a fi utilizat \u00een cabinete medicale, laboratoare medicale \u0219i<\/p>\n<ul>\n<li><strong>SP\u0102TARUL:<br \/>\n<\/strong>reglare \u00eenainte\/\u00eenapoi cu suport lombar \u0219i, de asemenea, \u00een \u00een\u0103l\u021bime sus\/jos<\/li>\n<li><strong>SCAUN:<br \/>\n<\/strong>reglarea \u00eenclin\u0103rii \u00eenainte\/\u00eenapoi fa\u021b\u0103 de podea<\/li>\n<li><strong>SUPORT RO\u021aI:<br \/>\n<\/strong>antistatic, silen\u021bios c\u00e2nd ruleaz\u0103 lin<\/li>\n<\/ul>\n","protected":false},"featured_media":426,"comment_status":"closed","ping_status":"closed","template":"","meta":[],"product_cat":[18],"product_tag":[],"class_list":["post-413","product","type-product","status-publish","has-post-thumbnail","hentry","product_cat-scaun-microscopist","mtheme-hover-thumbnail"],"_links":{"self":[{"href":"https:\/\/medstuhle.com\/ru\/wp-json\/wp\/v2\/product\/413","targetHints":{"allow":["GET"]}}],"collection":[{"href":"https:\/\/medstuhle.com\/ru\/wp-json\/wp\/v2\/product"}],"about":[{"href":"https:\/\/medstuhle.com\/ru\/wp-json\/wp\/v2\/types\/product"}],"replies":[{"embeddable":true,"href":"https:\/\/medstuhle.com\/ru\/wp-json\/wp\/v2\/comments?post=413"}],"wp:featuredmedia":[{"embeddable":true,"href":"https:\/\/medstuhle.com\/ru\/wp-json\/wp\/v2\/media\/426"}],"wp:attachment":[{"href":"https:\/\/medstuhle.com\/ru\/wp-json\/wp\/v2\/media?parent=413"}],"wp:term":[{"taxonomy":"product_cat","embeddable":true,"href":"https:\/\/medstuhle.com\/ru\/wp-json\/wp\/v2\/product_cat?post=413"},{"taxonomy":"product_tag","embeddable":true,"href":"https:\/\/medstuhle.com\/ru\/wp-json\/wp\/v2\/product_tag?post=413"}],"curies":[{"name":"wp","href":"https:\/\/api.w.org\/{rel}","templated":true}]}}