{"id":429,"date":"2023-10-10T10:18:55","date_gmt":"2023-10-10T10:18:55","guid":{"rendered":"https:\/\/medstuhle.com\/?post_type=product&#038;p=429"},"modified":"2024-03-13T08:32:09","modified_gmt":"2024-03-13T08:32:09","slug":"scaun-confort-plus","status":"publish","type":"product","link":"https:\/\/medstuhle.com\/ru\/produs\/scaun-confort-plus\/","title":{"rendered":"Scaun confort Plus"},"content":{"rendered":"","protected":false},"excerpt":{"rendered":"<p>Un scaun-\u0219a ergonomic pentru lucrul cu un microscop ajut\u0103 la men\u021binerea posturii \u0219i vederii corecte.<\/p>\n<ul>\n<li><strong>SP\u0102TARUL:<br \/>\n<\/strong>reglare sus\/jos<br \/>\n\u00eenclinarea scaunului<\/li>\n<li><strong>SCAUN-\u0218A:<br \/>\n<\/strong>Reglarea scaunului folosind racordul culisat al jum\u0103t\u0103\u021bilor de scaun<br \/>\nreglarea \u00eenclin\u0103rii \u00eenainte\/\u00eenapoi fa\u021b\u0103 de podea<\/li>\n<li><strong>MECANISMUL COTIERELOR:<br \/>\n<\/strong>suport pendul pentru coate creeaz\u0103 condi\u021biile necesare pentru manipul\u0103ri dificile, sprijin convenabil \u00een siguran\u021b\u0103<br \/>\nfixeaz\u0103 ambele m\u00e2ini<\/li>\n<\/ul>\n<p><strong>\u00a0SERVICIUL DE INSTALARE A LIFTATORULUI DE BAZ\u0102 ESTE OFERIT<\/strong><\/p>\n","protected":false},"featured_media":454,"comment_status":"closed","ping_status":"closed","template":"","meta":[],"product_cat":[18],"product_tag":[],"class_list":["post-429","product","type-product","status-publish","has-post-thumbnail","hentry","product_cat-scaun-microscopist","mtheme-hover-thumbnail"],"_links":{"self":[{"href":"https:\/\/medstuhle.com\/ru\/wp-json\/wp\/v2\/product\/429","targetHints":{"allow":["GET"]}}],"collection":[{"href":"https:\/\/medstuhle.com\/ru\/wp-json\/wp\/v2\/product"}],"about":[{"href":"https:\/\/medstuhle.com\/ru\/wp-json\/wp\/v2\/types\/product"}],"replies":[{"embeddable":true,"href":"https:\/\/medstuhle.com\/ru\/wp-json\/wp\/v2\/comments?post=429"}],"wp:featuredmedia":[{"embeddable":true,"href":"https:\/\/medstuhle.com\/ru\/wp-json\/wp\/v2\/media\/454"}],"wp:attachment":[{"href":"https:\/\/medstuhle.com\/ru\/wp-json\/wp\/v2\/media?parent=429"}],"wp:term":[{"taxonomy":"product_cat","embeddable":true,"href":"https:\/\/medstuhle.com\/ru\/wp-json\/wp\/v2\/product_cat?post=429"},{"taxonomy":"product_tag","embeddable":true,"href":"https:\/\/medstuhle.com\/ru\/wp-json\/wp\/v2\/product_tag?post=429"}],"curies":[{"name":"wp","href":"https:\/\/api.w.org\/{rel}","templated":true}]}}