{"id":458,"date":"2023-10-11T20:19:48","date_gmt":"2023-10-11T20:19:48","guid":{"rendered":"https:\/\/medstuhle.com\/?post_type=product&#038;p=458"},"modified":"2024-03-13T08:31:57","modified_gmt":"2024-03-13T08:31:57","slug":"scaun-confort-cu-spatar","status":"publish","type":"product","link":"https:\/\/medstuhle.com\/ru\/produs\/scaun-confort-cu-spatar\/","title":{"rendered":"Scaun Confort cu sp\u0103tar"},"content":{"rendered":"","protected":false},"excerpt":{"rendered":"<p>Designul ergonomic al scaunului v\u0103 permite s\u0103 lucra\u021bi cu concentrare maxim\u0103 f\u0103r\u0103<\/p>\n<ul>\n<li><strong>SP\u0102TARUL:<br \/>\n<\/strong>reglare \u00een\u0103l\u021bime sus\/jos<\/li>\n<li><strong>SCAUN-\u0218A:<\/strong><br \/>\nReglarea scaunului<br \/>\nPrin conectarea\/extinderea jum\u0103t\u0103\u021bilor de scaun<br \/>\n\u00cen\u0103l\u021bimea scaunului este reglabil\u0103:<br \/>\nComutator manual<br \/>\nComutator cu picior (op\u021bional)<\/li>\n<li><strong>SUPORT RO\u021aI:<br \/>\n<\/strong>antistatic, silen\u021bios c\u00e2nd ruleaz\u0103 lin<\/li>\n<\/ul>\n","protected":false},"featured_media":474,"comment_status":"closed","ping_status":"closed","template":"","meta":[],"product_cat":[18],"product_tag":[],"class_list":["post-458","product","type-product","status-publish","has-post-thumbnail","hentry","product_cat-scaun-microscopist","mtheme-hover-thumbnail"],"_links":{"self":[{"href":"https:\/\/medstuhle.com\/ru\/wp-json\/wp\/v2\/product\/458","targetHints":{"allow":["GET"]}}],"collection":[{"href":"https:\/\/medstuhle.com\/ru\/wp-json\/wp\/v2\/product"}],"about":[{"href":"https:\/\/medstuhle.com\/ru\/wp-json\/wp\/v2\/types\/product"}],"replies":[{"embeddable":true,"href":"https:\/\/medstuhle.com\/ru\/wp-json\/wp\/v2\/comments?post=458"}],"wp:featuredmedia":[{"embeddable":true,"href":"https:\/\/medstuhle.com\/ru\/wp-json\/wp\/v2\/media\/474"}],"wp:attachment":[{"href":"https:\/\/medstuhle.com\/ru\/wp-json\/wp\/v2\/media?parent=458"}],"wp:term":[{"taxonomy":"product_cat","embeddable":true,"href":"https:\/\/medstuhle.com\/ru\/wp-json\/wp\/v2\/product_cat?post=458"},{"taxonomy":"product_tag","embeddable":true,"href":"https:\/\/medstuhle.com\/ru\/wp-json\/wp\/v2\/product_tag?post=458"}],"curies":[{"name":"wp","href":"https:\/\/api.w.org\/{rel}","templated":true}]}}