{"id":599,"date":"2023-10-12T07:10:45","date_gmt":"2023-10-12T07:10:45","guid":{"rendered":"https:\/\/medstuhle.com\/?post_type=product&#038;p=599"},"modified":"2024-03-13T08:30:29","modified_gmt":"2024-03-13T08:30:29","slug":"scaun-sa-balance-plus","status":"publish","type":"product","link":"https:\/\/medstuhle.com\/ru\/produs\/scaun-sa-balance-plus\/","title":{"rendered":"Scaun \u0218a Balance Plus"},"content":{"rendered":"","protected":false},"excerpt":{"rendered":"<p>Nivelul ridicat de confort al scaunului este indispensabil \u00een activitatea medicului. Scaunul din dou\u0103 piese \u00een form\u0103 de \u0219a va corecta \u0219i men\u021bine pozi\u021bia corect\u0103. Mecanismul de reglare a scaunului v\u0103 permite s\u0103 schimba\u021bi<\/p>\n<ul>\n<li><strong>Scaun \u0218a<br \/>\n<\/strong>Reglarea scaunului prin conectarea\/extinderea jum\u0103t\u0103\u021bilor de scaun<br \/>\nReglarea \u00eenclin\u0103rii fa\u021b\u0103 de podea \u00eenainte \u0219i \u00eenapoi<\/li>\n<li><strong>\u00cen\u0103l\u021bimea scaunului este reglabil\u0103:<br \/>\n<\/strong>comutator manual<br \/>\ncomutator cu picior (op\u021bional)<\/li>\n<li><strong>SUPPORT RO\u021aI:<br \/>\n<\/strong>antistatic, silen\u021bios c\u00e2nd ruleaz\u0103 lin<\/li>\n<\/ul>\n","protected":false},"featured_media":609,"comment_status":"closed","ping_status":"closed","template":"","meta":[],"product_cat":[18],"product_tag":[],"class_list":["post-599","product","type-product","status-publish","has-post-thumbnail","hentry","product_cat-scaun-microscopist","mtheme-hover-thumbnail"],"_links":{"self":[{"href":"https:\/\/medstuhle.com\/ru\/wp-json\/wp\/v2\/product\/599","targetHints":{"allow":["GET"]}}],"collection":[{"href":"https:\/\/medstuhle.com\/ru\/wp-json\/wp\/v2\/product"}],"about":[{"href":"https:\/\/medstuhle.com\/ru\/wp-json\/wp\/v2\/types\/product"}],"replies":[{"embeddable":true,"href":"https:\/\/medstuhle.com\/ru\/wp-json\/wp\/v2\/comments?post=599"}],"wp:featuredmedia":[{"embeddable":true,"href":"https:\/\/medstuhle.com\/ru\/wp-json\/wp\/v2\/media\/609"}],"wp:attachment":[{"href":"https:\/\/medstuhle.com\/ru\/wp-json\/wp\/v2\/media?parent=599"}],"wp:term":[{"taxonomy":"product_cat","embeddable":true,"href":"https:\/\/medstuhle.com\/ru\/wp-json\/wp\/v2\/product_cat?post=599"},{"taxonomy":"product_tag","embeddable":true,"href":"https:\/\/medstuhle.com\/ru\/wp-json\/wp\/v2\/product_tag?post=599"}],"curies":[{"name":"wp","href":"https:\/\/api.w.org\/{rel}","templated":true}]}}