{"id":612,"date":"2023-10-12T07:14:20","date_gmt":"2023-10-12T07:14:20","guid":{"rendered":"https:\/\/medstuhle.com\/?post_type=product&#038;p=612"},"modified":"2024-03-13T08:30:17","modified_gmt":"2024-03-13T08:30:17","slug":"scaun-sa-cu-spatar","status":"publish","type":"product","link":"https:\/\/medstuhle.com\/ru\/produs\/scaun-sa-cu-spatar\/","title":{"rendered":"Scaun \u0219a cu sp\u0103tar"},"content":{"rendered":"","protected":false},"excerpt":{"rendered":"<p>O caracteristic\u0103 distinctiv\u0103 a scaunului este forma scaunului, care v\u0103 permite s\u0103 crea\u021bi condi\u021bii \u0219i mai confortabile. O aten\u021bie deosebit\u0103 trebuie acordat\u0103<\/p>\n<ul>\n<li>Reglare \u00eenainte-\u00eenapoi cu suport lombar \u0219i reglare \u00een\u0103l\u021bime sus\/jos<\/li>\n<\/ul>\n","protected":false},"featured_media":622,"comment_status":"closed","ping_status":"closed","template":"","meta":[],"product_cat":[18],"product_tag":[],"class_list":["post-612","product","type-product","status-publish","has-post-thumbnail","hentry","product_cat-scaun-microscopist","mtheme-hover-thumbnail"],"_links":{"self":[{"href":"https:\/\/medstuhle.com\/ru\/wp-json\/wp\/v2\/product\/612","targetHints":{"allow":["GET"]}}],"collection":[{"href":"https:\/\/medstuhle.com\/ru\/wp-json\/wp\/v2\/product"}],"about":[{"href":"https:\/\/medstuhle.com\/ru\/wp-json\/wp\/v2\/types\/product"}],"replies":[{"embeddable":true,"href":"https:\/\/medstuhle.com\/ru\/wp-json\/wp\/v2\/comments?post=612"}],"wp:featuredmedia":[{"embeddable":true,"href":"https:\/\/medstuhle.com\/ru\/wp-json\/wp\/v2\/media\/622"}],"wp:attachment":[{"href":"https:\/\/medstuhle.com\/ru\/wp-json\/wp\/v2\/media?parent=612"}],"wp:term":[{"taxonomy":"product_cat","embeddable":true,"href":"https:\/\/medstuhle.com\/ru\/wp-json\/wp\/v2\/product_cat?post=612"},{"taxonomy":"product_tag","embeddable":true,"href":"https:\/\/medstuhle.com\/ru\/wp-json\/wp\/v2\/product_tag?post=612"}],"curies":[{"name":"wp","href":"https:\/\/api.w.org\/{rel}","templated":true}]}}