{"id":671,"date":"2023-10-12T08:56:53","date_gmt":"2023-10-12T08:56:53","guid":{"rendered":"https:\/\/medstuhle.com\/?post_type=product&#038;p=671"},"modified":"2024-03-13T08:29:32","modified_gmt":"2024-03-13T08:29:32","slug":"scaun-export-plus","status":"publish","type":"product","link":"https:\/\/medstuhle.com\/ru\/produs\/scaun-export-plus\/","title":{"rendered":"Scaun export Plus"},"content":{"rendered":"","protected":false},"excerpt":{"rendered":"<p>Designul scaunului v\u0103 permite s\u0103 lucra\u021bi la concentrare maxim\u0103.<\/p>\n<ul>\n<li><strong>Scaun<br \/>\n<\/strong>Ajustare fa\u021b\u0103 de podea \u00eenainte \u00eenapoi<br \/>\nReglarea scaunului folosind racordul pentru extinderea jum\u0103t\u0103\u021bilor de scaun<\/li>\n<\/ul>\n<ul>\n<li><strong>\u00cen\u0103l\u021bimea scaunului este reglabil\u0103:<\/strong><strong><strong><br \/>\n<\/strong><\/strong>\u00cen\u0103l\u021bimea cotierelor poate fi reglat\u0103 cu dou\u0103 m\u00e2ini<br \/>\ncomutator manual<br \/>\ncomutator cu picior(op\u021biune suplimentar\u0103)<\/li>\n<li><strong>Mecanism pentru cotier\u0103<br \/>\n<\/strong>Are sistem de alunecare \u00eenainte \u00eenapoi<br \/>\nArticula\u021bia \u00een form\u0103 de bil\u0103 le permite s\u0103 fie deplasate \u00een toate direc\u021biile (sus, jos, \u00een cerc, \u00een laterale)<br \/>\nCotiere multifunctionale cu suport ranforsat din otel inoxidabil<\/li>\n<li><strong>SUPPORT RO\u021aI:<br \/>\n<\/strong>antistatic, silen\u021bios<br \/>\nruleaz\u0103 lin<\/li>\n<\/ul>\n<p>&nbsp;<\/p>\n","protected":false},"featured_media":709,"comment_status":"closed","ping_status":"closed","template":"","meta":[],"product_cat":[18],"product_tag":[],"class_list":["post-671","product","type-product","status-publish","has-post-thumbnail","hentry","product_cat-scaun-microscopist","mtheme-hover-thumbnail"],"_links":{"self":[{"href":"https:\/\/medstuhle.com\/ru\/wp-json\/wp\/v2\/product\/671","targetHints":{"allow":["GET"]}}],"collection":[{"href":"https:\/\/medstuhle.com\/ru\/wp-json\/wp\/v2\/product"}],"about":[{"href":"https:\/\/medstuhle.com\/ru\/wp-json\/wp\/v2\/types\/product"}],"replies":[{"embeddable":true,"href":"https:\/\/medstuhle.com\/ru\/wp-json\/wp\/v2\/comments?post=671"}],"wp:featuredmedia":[{"embeddable":true,"href":"https:\/\/medstuhle.com\/ru\/wp-json\/wp\/v2\/media\/709"}],"wp:attachment":[{"href":"https:\/\/medstuhle.com\/ru\/wp-json\/wp\/v2\/media?parent=671"}],"wp:term":[{"taxonomy":"product_cat","embeddable":true,"href":"https:\/\/medstuhle.com\/ru\/wp-json\/wp\/v2\/product_cat?post=671"},{"taxonomy":"product_tag","embeddable":true,"href":"https:\/\/medstuhle.com\/ru\/wp-json\/wp\/v2\/product_tag?post=671"}],"curies":[{"name":"wp","href":"https:\/\/api.w.org\/{rel}","templated":true}]}}